{"id":5070,"date":"2025-06-09T14:31:57","date_gmt":"2025-06-09T14:31:57","guid":{"rendered":"https:\/\/dianabibione.com\/dati-societari\/"},"modified":"2026-04-02T06:21:13","modified_gmt":"2026-04-02T06:21:13","slug":"vallalati-adatok","status":"publish","type":"page","link":"https:\/\/dianabibione.com\/hu\/vallalati-adatok\/","title":{"rendered":"V\u00e1llalati adatok"},"content":{"rendered":"\t\t<div data-elementor-type=\"wp-page\" data-elementor-id=\"5070\" class=\"elementor elementor-5070 elementor-1383\" data-elementor-post-type=\"page\">\n\t\t\t\t<div class=\"elementor-element elementor-element-36cb894 e-flex e-con-boxed e-con e-parent\" data-id=\"36cb894\" data-element_type=\"container\">\n\t\t\t\t\t<div class=\"e-con-inner\">\n\t\t<div class=\"elementor-element elementor-element-aad0e75 e-flex e-con-boxed e-con e-child\" data-id=\"aad0e75\" data-element_type=\"container\" data-settings=\"{&quot;background_background&quot;:&quot;classic&quot;}\">\n\t\t\t\t\t<div class=\"e-con-inner\">\n\t\t\t\t\t<\/div>\n\t\t\t\t<\/div>\n\t\t<div class=\"elementor-element elementor-element-12e3b71 e-flex e-con-boxed e-con e-child\" data-id=\"12e3b71\" data-element_type=\"container\">\n\t\t\t\t\t<div class=\"e-con-inner\">\n\t\t<div class=\"elementor-element elementor-element-76d3599 e-con-full e-flex e-con e-child\" data-id=\"76d3599\" data-element_type=\"container\">\n\t\t\t\t<div class=\"elementor-element elementor-element-7345142 elementor-widget elementor-widget-heading\" data-id=\"7345142\" data-element_type=\"widget\" data-widget_type=\"heading.default\">\n\t\t\t\t<div class=\"elementor-widget-container\">\n\t\t\t\t\t<h1 class=\"elementor-heading-title elementor-size-default\">C\u00e9gadatok<\/h1>\t\t\t\t<\/div>\n\t\t\t\t<\/div>\n\t\t<div class=\"elementor-element elementor-element-dab7e9b e-flex e-con-boxed e-con e-child\" data-id=\"dab7e9b\" data-element_type=\"container\">\n\t\t\t\t\t<div class=\"e-con-inner\">\n\t\t<div class=\"elementor-element elementor-element-4f406dc e-flex e-con-boxed e-con e-child\" data-id=\"4f406dc\" data-element_type=\"container\">\n\t\t\t\t\t<div class=\"e-con-inner\">\n\t\t<div class=\"elementor-element elementor-element-42ce47a e-flex e-con-boxed e-con e-child\" data-id=\"42ce47a\" data-element_type=\"container\">\n\t\t\t\t\t<div class=\"e-con-inner\">\n\t\t\t\t<div class=\"elementor-element elementor-element-dccad7e elementor-widget elementor-widget-heading\" data-id=\"dccad7e\" data-element_type=\"widget\" data-widget_type=\"heading.default\">\n\t\t\t\t<div class=\"elementor-widget-container\">\n\t\t\t\t\t<span class=\"elementor-heading-title elementor-size-default\">Diana S.a.s. Di Zanello Marco E Vittorio &amp; C.<\/span>\t\t\t\t<\/div>\n\t\t\t\t<\/div>\n\t\t\t\t\t<\/div>\n\t\t\t\t<\/div>\n\t\t\t\t\t<\/div>\n\t\t\t\t<\/div>\n\t\t<div class=\"elementor-element elementor-element-0526b96 e-flex e-con-boxed e-con e-child\" data-id=\"0526b96\" data-element_type=\"container\">\n\t\t\t\t\t<div class=\"e-con-inner\">\n\t\t<div class=\"elementor-element elementor-element-9129ba9 e-flex e-con-boxed e-con e-child\" data-id=\"9129ba9\" data-element_type=\"container\">\n\t\t\t\t\t<div class=\"e-con-inner\">\n\t\t\t\t<div class=\"elementor-element elementor-element-9daf021 elementor-widget elementor-widget-heading\" data-id=\"9daf021\" data-element_type=\"widget\" data-widget_type=\"heading.default\">\n\t\t\t\t<div class=\"elementor-widget-container\">\n\t\t\t\t\t<span class=\"elementor-heading-title elementor-size-default\">Via P. Mascagni, 5, 30020 Bibione VE<\/span>\t\t\t\t<\/div>\n\t\t\t\t<\/div>\n\t\t\t\t\t<\/div>\n\t\t\t\t<\/div>\n\t\t\t\t\t<\/div>\n\t\t\t\t<\/div>\n\t\t<div class=\"elementor-element elementor-element-1421943 e-flex e-con-boxed e-con e-child\" data-id=\"1421943\" data-element_type=\"container\">\n\t\t\t\t\t<div class=\"e-con-inner\">\n\t\t<div class=\"elementor-element elementor-element-3d00f96 e-flex e-con-boxed e-con e-child\" data-id=\"3d00f96\" data-element_type=\"container\">\n\t\t\t\t\t<div class=\"e-con-inner\">\n\t\t\t\t<div class=\"elementor-element elementor-element-06dd565 elementor-widget elementor-widget-heading\" data-id=\"06dd565\" data-element_type=\"widget\" data-widget_type=\"heading.default\">\n\t\t\t\t<div class=\"elementor-widget-container\">\n\t\t\t\t\t<span class=\"elementor-heading-title elementor-size-default\"><a href=\"tel:+3904311938136\" target=\"_blank\">+39 04311938136<\/a><\/span>\t\t\t\t<\/div>\n\t\t\t\t<\/div>\n\t\t\t\t\t<\/div>\n\t\t\t\t<\/div>\n\t\t\t\t\t<\/div>\n\t\t\t\t<\/div>\n\t\t<div class=\"elementor-element elementor-element-0b33aa6 e-flex e-con-boxed e-con e-child\" data-id=\"0b33aa6\" data-element_type=\"container\">\n\t\t\t\t\t<div class=\"e-con-inner\">\n\t\t<div class=\"elementor-element elementor-element-2c858a4 e-flex e-con-boxed e-con e-child\" data-id=\"2c858a4\" data-element_type=\"container\">\n\t\t\t\t\t<div class=\"e-con-inner\">\n\t\t\t\t<div class=\"elementor-element elementor-element-04c1964 elementor-widget elementor-widget-heading\" data-id=\"04c1964\" data-element_type=\"widget\" data-widget_type=\"heading.default\">\n\t\t\t\t<div class=\"elementor-widget-container\">\n\t\t\t\t\t<span class=\"elementor-heading-title elementor-size-default\"><a href=\"mailto:info@dianabibione.com\" target=\"_blank\">info@dianabibione.com<\/a><\/span>\t\t\t\t<\/div>\n\t\t\t\t<\/div>\n\t\t\t\t\t<\/div>\n\t\t\t\t<\/div>\n\t\t\t\t\t<\/div>\n\t\t\t\t<\/div>\n\t\t<div class=\"elementor-element elementor-element-2058a61 e-flex e-con-boxed e-con e-child\" data-id=\"2058a61\" data-element_type=\"container\">\n\t\t\t\t\t<div class=\"e-con-inner\">\n\t\t<div class=\"elementor-element elementor-element-c7e039c e-flex e-con-boxed e-con e-child\" data-id=\"c7e039c\" data-element_type=\"container\">\n\t\t\t\t\t<div class=\"e-con-inner\">\n\t\t\t\t\t<\/div>\n\t\t\t\t<\/div>\n\t\t\t\t\t<\/div>\n\t\t\t\t<\/div>\n\t\t<div class=\"elementor-element elementor-element-504ffff e-con-full e-flex e-con e-child\" data-id=\"504ffff\" data-element_type=\"container\">\n\t\t<div class=\"elementor-element elementor-element-35db0a6 e-flex e-con-boxed e-con e-child\" data-id=\"35db0a6\" data-element_type=\"container\">\n\t\t\t\t\t<div class=\"e-con-inner\">\n\t\t\t\t<div class=\"elementor-element elementor-element-f1fd8b2 elementor-widget elementor-widget-heading\" data-id=\"f1fd8b2\" data-element_type=\"widget\" data-widget_type=\"heading.default\">\n\t\t\t\t<div class=\"elementor-widget-container\">\n\t\t\t\t\t<span class=\"elementor-heading-title elementor-size-default\">CIN IT027034B44TEGLHQV<\/span>\t\t\t\t<\/div>\n\t\t\t\t<\/div>\n\t\t\t\t\t<\/div>\n\t\t\t\t<\/div>\n\t\t\t\t<\/div>\n\t\t<div class=\"elementor-element elementor-element-5931b99 e-con-full e-flex e-con e-child\" data-id=\"5931b99\" data-element_type=\"container\">\n\t\t<div class=\"elementor-element elementor-element-8f5e6a1 e-flex e-con-boxed e-con e-child\" data-id=\"8f5e6a1\" data-element_type=\"container\">\n\t\t\t\t\t<div class=\"e-con-inner\">\n\t\t\t\t<div class=\"elementor-element elementor-element-fbdfa45 elementor-widget elementor-widget-heading\" data-id=\"fbdfa45\" data-element_type=\"widget\" data-widget_type=\"heading.default\">\n\t\t\t\t<div class=\"elementor-widget-container\">\n\t\t\t\t\t<span class=\"elementor-heading-title elementor-size-default\">CIR 027034-UAM-00041<\/span>\t\t\t\t<\/div>\n\t\t\t\t<\/div>\n\t\t\t\t\t<\/div>\n\t\t\t\t<\/div>\n\t\t\t\t<\/div>\n\t\t<div class=\"elementor-element elementor-element-1b2f8c4 e-con-full e-flex e-con e-child\" data-id=\"1b2f8c4\" data-element_type=\"container\">\n\t\t<div class=\"elementor-element elementor-element-0b0d81d e-flex e-con-boxed e-con e-child\" data-id=\"0b0d81d\" data-element_type=\"container\">\n\t\t\t\t\t<div class=\"e-con-inner\">\n\t\t\t\t\t<\/div>\n\t\t\t\t<\/div>\n\t\t\t\t<\/div>\n\t\t<div class=\"elementor-element elementor-element-f4b91ca e-con-full e-flex e-con e-child\" data-id=\"f4b91ca\" data-element_type=\"container\">\n\t\t<div class=\"elementor-element elementor-element-09b820a e-flex e-con-boxed e-con e-child\" data-id=\"09b820a\" data-element_type=\"container\">\n\t\t\t\t\t<div class=\"e-con-inner\">\n\t\t\t\t\t<\/div>\n\t\t\t\t<\/div>\n\t\t\t\t<\/div>\n\t\t\t\t\t<\/div>\n\t\t\t\t<\/div>\n\t\t\t\t<\/div>\n\t\t\t\t\t<\/div>\n\t\t\t\t<\/div>\n\t\t\t\t\t<\/div>\n\t\t\t\t<\/div>\n\t\t\t\t<\/div>\n\t\t","protected":false},"excerpt":{"rendered":"<p>C\u00e9gadatok<\/p>\n","protected":false},"author":2,"featured_media":5072,"parent":0,"menu_order":0,"comment_status":"closed","ping_status":"closed","template":"","meta":{"_acf_changed":false,"footnotes":""},"class_list":["post-5070","page","type-page","status-publish","has-post-thumbnail","hentry"],"acf":[],"yoast_head":"<!-- This site is optimized with the Yoast SEO plugin v26.7 - https:\/\/yoast.com\/wordpress\/plugins\/seo\/ -->\n<title>V\u00e1llalati adatok - Diana Bibione<\/title>\n<meta name=\"robots\" content=\"index, follow, max-snippet:-1, max-image-preview:large, max-video-preview:-1\" \/>\n<link rel=\"canonical\" href=\"https:\/\/dianabibione.com\/hu\/vallalati-adatok\/\" \/>\n<meta property=\"og:locale\" content=\"hu_HU\" \/>\n<meta property=\"og:type\" content=\"article\" \/>\n<meta property=\"og:title\" content=\"V\u00e1llalati adatok - Diana Bibione\" \/>\n<meta property=\"og:description\" content=\"C\u00e9gadatok\" \/>\n<meta property=\"og:url\" content=\"https:\/\/dianabibione.com\/hu\/vallalati-adatok\/\" \/>\n<meta property=\"og:site_name\" content=\"Diana Bibione\" \/>\n<meta property=\"article:modified_time\" content=\"2026-04-02T06:21:13+00:00\" \/>\n<meta property=\"og:image\" content=\"https:\/\/dianabibione.com\/wp-content\/uploads\/2025\/06\/Residence-Diana-Oasi-sul-mare.webp\" \/>\n\t<meta property=\"og:image:width\" content=\"1620\" \/>\n\t<meta property=\"og:image:height\" content=\"1080\" \/>\n\t<meta property=\"og:image:type\" content=\"image\/webp\" \/>\n<meta name=\"twitter:card\" content=\"summary_large_image\" \/>\n<meta name=\"twitter:label1\" content=\"Becs\u00fclt olvas\u00e1si id\u0151\" \/>\n\t<meta name=\"twitter:data1\" content=\"1 perc\" \/>\n<script type=\"application\/ld+json\" class=\"yoast-schema-graph\">{\"@context\":\"https:\/\/schema.org\",\"@graph\":[{\"@type\":\"WebPage\",\"@id\":\"https:\/\/dianabibione.com\/hu\/vallalati-adatok\/\",\"url\":\"https:\/\/dianabibione.com\/hu\/vallalati-adatok\/\",\"name\":\"V\u00e1llalati adatok - Diana Bibione\",\"isPartOf\":{\"@id\":\"https:\/\/dianabibione.com\/hu\/#website\"},\"primaryImageOfPage\":{\"@id\":\"https:\/\/dianabibione.com\/hu\/vallalati-adatok\/#primaryimage\"},\"image\":{\"@id\":\"https:\/\/dianabibione.com\/hu\/vallalati-adatok\/#primaryimage\"},\"thumbnailUrl\":\"https:\/\/dianabibione.com\/wp-content\/uploads\/2025\/06\/Residence-Diana-Oasi-sul-mare.webp\",\"datePublished\":\"2025-06-09T14:31:57+00:00\",\"dateModified\":\"2026-04-02T06:21:13+00:00\",\"breadcrumb\":{\"@id\":\"https:\/\/dianabibione.com\/hu\/vallalati-adatok\/#breadcrumb\"},\"inLanguage\":\"hu\",\"potentialAction\":[{\"@type\":\"ReadAction\",\"target\":[\"https:\/\/dianabibione.com\/hu\/vallalati-adatok\/\"]}]},{\"@type\":\"ImageObject\",\"inLanguage\":\"hu\",\"@id\":\"https:\/\/dianabibione.com\/hu\/vallalati-adatok\/#primaryimage\",\"url\":\"https:\/\/dianabibione.com\/wp-content\/uploads\/2025\/06\/Residence-Diana-Oasi-sul-mare.webp\",\"contentUrl\":\"https:\/\/dianabibione.com\/wp-content\/uploads\/2025\/06\/Residence-Diana-Oasi-sul-mare.webp\",\"width\":1620,\"height\":1080,\"caption\":\"Residence Diana Oasi sul mare\"},{\"@type\":\"BreadcrumbList\",\"@id\":\"https:\/\/dianabibione.com\/hu\/vallalati-adatok\/#breadcrumb\",\"itemListElement\":[{\"@type\":\"ListItem\",\"position\":1,\"name\":\"Home\",\"item\":\"https:\/\/dianabibione.com\/hu\/\"},{\"@type\":\"ListItem\",\"position\":2,\"name\":\"V\u00e1llalati adatok\"}]},{\"@type\":\"WebSite\",\"@id\":\"https:\/\/dianabibione.com\/hu\/#website\",\"url\":\"https:\/\/dianabibione.com\/hu\/\",\"name\":\"Diana Bibione\",\"description\":\"\",\"potentialAction\":[{\"@type\":\"SearchAction\",\"target\":{\"@type\":\"EntryPoint\",\"urlTemplate\":\"https:\/\/dianabibione.com\/hu\/?s={search_term_string}\"},\"query-input\":{\"@type\":\"PropertyValueSpecification\",\"valueRequired\":true,\"valueName\":\"search_term_string\"}}],\"inLanguage\":\"hu\"}]}<\/script>\n<!-- \/ Yoast SEO plugin. -->","yoast_head_json":{"title":"V\u00e1llalati adatok - Diana Bibione","robots":{"index":"index","follow":"follow","max-snippet":"max-snippet:-1","max-image-preview":"max-image-preview:large","max-video-preview":"max-video-preview:-1"},"canonical":"https:\/\/dianabibione.com\/hu\/vallalati-adatok\/","og_locale":"hu_HU","og_type":"article","og_title":"V\u00e1llalati adatok - Diana Bibione","og_description":"C\u00e9gadatok","og_url":"https:\/\/dianabibione.com\/hu\/vallalati-adatok\/","og_site_name":"Diana Bibione","article_modified_time":"2026-04-02T06:21:13+00:00","og_image":[{"width":1620,"height":1080,"url":"https:\/\/dianabibione.com\/wp-content\/uploads\/2025\/06\/Residence-Diana-Oasi-sul-mare.webp","type":"image\/webp"}],"twitter_card":"summary_large_image","twitter_misc":{"Becs\u00fclt olvas\u00e1si id\u0151":"1 perc"},"schema":{"@context":"https:\/\/schema.org","@graph":[{"@type":"WebPage","@id":"https:\/\/dianabibione.com\/hu\/vallalati-adatok\/","url":"https:\/\/dianabibione.com\/hu\/vallalati-adatok\/","name":"V\u00e1llalati adatok - Diana Bibione","isPartOf":{"@id":"https:\/\/dianabibione.com\/hu\/#website"},"primaryImageOfPage":{"@id":"https:\/\/dianabibione.com\/hu\/vallalati-adatok\/#primaryimage"},"image":{"@id":"https:\/\/dianabibione.com\/hu\/vallalati-adatok\/#primaryimage"},"thumbnailUrl":"https:\/\/dianabibione.com\/wp-content\/uploads\/2025\/06\/Residence-Diana-Oasi-sul-mare.webp","datePublished":"2025-06-09T14:31:57+00:00","dateModified":"2026-04-02T06:21:13+00:00","breadcrumb":{"@id":"https:\/\/dianabibione.com\/hu\/vallalati-adatok\/#breadcrumb"},"inLanguage":"hu","potentialAction":[{"@type":"ReadAction","target":["https:\/\/dianabibione.com\/hu\/vallalati-adatok\/"]}]},{"@type":"ImageObject","inLanguage":"hu","@id":"https:\/\/dianabibione.com\/hu\/vallalati-adatok\/#primaryimage","url":"https:\/\/dianabibione.com\/wp-content\/uploads\/2025\/06\/Residence-Diana-Oasi-sul-mare.webp","contentUrl":"https:\/\/dianabibione.com\/wp-content\/uploads\/2025\/06\/Residence-Diana-Oasi-sul-mare.webp","width":1620,"height":1080,"caption":"Residence Diana Oasi sul mare"},{"@type":"BreadcrumbList","@id":"https:\/\/dianabibione.com\/hu\/vallalati-adatok\/#breadcrumb","itemListElement":[{"@type":"ListItem","position":1,"name":"Home","item":"https:\/\/dianabibione.com\/hu\/"},{"@type":"ListItem","position":2,"name":"V\u00e1llalati adatok"}]},{"@type":"WebSite","@id":"https:\/\/dianabibione.com\/hu\/#website","url":"https:\/\/dianabibione.com\/hu\/","name":"Diana Bibione","description":"","potentialAction":[{"@type":"SearchAction","target":{"@type":"EntryPoint","urlTemplate":"https:\/\/dianabibione.com\/hu\/?s={search_term_string}"},"query-input":{"@type":"PropertyValueSpecification","valueRequired":true,"valueName":"search_term_string"}}],"inLanguage":"hu"}]}},"_links":{"self":[{"href":"https:\/\/dianabibione.com\/hu\/wp-json\/wp\/v2\/pages\/5070","targetHints":{"allow":["GET"]}}],"collection":[{"href":"https:\/\/dianabibione.com\/hu\/wp-json\/wp\/v2\/pages"}],"about":[{"href":"https:\/\/dianabibione.com\/hu\/wp-json\/wp\/v2\/types\/page"}],"author":[{"embeddable":true,"href":"https:\/\/dianabibione.com\/hu\/wp-json\/wp\/v2\/users\/2"}],"replies":[{"embeddable":true,"href":"https:\/\/dianabibione.com\/hu\/wp-json\/wp\/v2\/comments?post=5070"}],"version-history":[{"count":5,"href":"https:\/\/dianabibione.com\/hu\/wp-json\/wp\/v2\/pages\/5070\/revisions"}],"predecessor-version":[{"id":5955,"href":"https:\/\/dianabibione.com\/hu\/wp-json\/wp\/v2\/pages\/5070\/revisions\/5955"}],"wp:featuredmedia":[{"embeddable":true,"href":"https:\/\/dianabibione.com\/hu\/wp-json\/wp\/v2\/media\/5072"}],"wp:attachment":[{"href":"https:\/\/dianabibione.com\/hu\/wp-json\/wp\/v2\/media?parent=5070"}],"curies":[{"name":"wp","href":"https:\/\/api.w.org\/{rel}","templated":true}]}}